{"id":6260,"date":"2023-08-03T04:48:35","date_gmt":"2023-08-03T01:48:35","guid":{"rendered":"https:\/\/fbe.edu.mk\/ceepus\/"},"modified":"2023-08-21T01:29:46","modified_gmt":"2023-08-20T22:29:46","slug":"ceepus","status":"publish","type":"page","link":"https:\/\/fbe.edu.mk\/en\/ceepus\/","title":{"rendered":"CEEPUS"},"content":{"rendered":"\t\t<div data-elementor-type=\"wp-page\" data-elementor-id=\"6260\" class=\"elementor elementor-6260 elementor-6166\">\n\t\t\t\t\t\t<section class=\"elementor-section elementor-top-section elementor-element elementor-element-671776c elementor-section-boxed elementor-section-gap-beside-yes elementor-section-height-default elementor-section-height-default elementor-section-column-vertical-align-stretch\" data-id=\"671776c\" data-element_type=\"section\">\n\t\t\t\t\t\t<div class=\"elementor-container elementor-column-gap-extended\">\n\t\t\t\t\t<div class=\"elementor-column elementor-col-50 elementor-top-column elementor-element elementor-element-c890384\" data-id=\"c890384\" data-element_type=\"column\">\n\t\t\t<div class=\"elementor-widget-wrap elementor-element-populated\">\n\t\t\t\t\t\t<div class=\"elementor-element elementor-element-70f8602 elementor-widget elementor-widget-text-editor\" data-id=\"70f8602\" data-element_type=\"widget\" data-widget_type=\"text-editor.default\">\n\t\t\t\t<div class=\"elementor-widget-container\">\n\t\t\t\t\t\t\t\t\t<p><strong>The Faculty of Business Economics is a member of two <\/strong><strong>CEEPUS <\/strong><strong>Networks:<\/strong><\/p>\n<p><strong>1.<\/strong><strong>Applied Economics and Management (CIII-SK-0044-12-1718), with the following partner institutions::<\/strong><\/p>\n<p>\u00b7 Slovak University of Agriculture in Nitra, Faculty of Economics and Management, Nitra, Slovakia;<\/p>\n<p>\u00b7 Canadian Institute of Technology, Faculties of Economy and Engineering, Tirana, Albania;<\/p>\n<p>\u00b7 BOKU &#8211; University of Natural Resources and Applied Life Sciences, Institute of Marketing and Innovation, Vienna, Austria;<\/p>\n<p>\u00b7 FH Joanneum &#8211; University of Applied Sciences, Department of International Management, Graz, Austria;<\/p>\n<p>\u00b7 University of National and World Economy, Department of Natural Resources Economics, Sofia, Bulgaria;<\/p>\n<p>\u00b7 Mendel University in Brno, Faculty of Business Economics, Brno, Czech Republic;<\/p>\n<p>\u00b7 Czech University of Life Sciences Prague, Faculty of Economics and Management, Prague, Czech Republic;<\/p>\n<p>\u00b7 University of South Bohemia \u010cesk\u00e9 Bud\u011bjovice, Faculty of Economics, \u010cesk\u00e9 Bud\u011bjovice, Czech Republic;<\/p>\n<p>\u00b7 University of Zagreb, Faculty of Agriculture, Zagreb, Croatia;<\/p>\n<p>\u00b7 University of West Hungary \/ University of Sopron, Faculty of Economics, Sopron, Hungary;<\/p>\n<p>\u00b7 University of Szeged, Faculty of Engineering, Szeged, Hungary;<\/p>\n<p>\u00b7 Szent Istv\u00e1n University, Faculty of Economics and Social Sciences, G\u00f6d\u00f6ll\u0151, Hungary;<\/p>\n<p>\u00b7 Technical University of Moldova, Department of Engineering and Management in Production Systems, Chisinau, Republic of Moldova;<\/p>\n<p>\u00b7 University of Montenegro, Faculty of Economics, Podgorica, Montenegro;<\/p>\n<p>\u00b7 State University of Tetovo, Faculty of Economics, Tetovo, Republic of Macedonia;<\/p>\n<p>\u00b7 Cracow University of Economics, Krakow, Poland;<\/p>\n<p>\u00b7 Poznan University of Economics, Faculty of Management, Poznan, Poland;<\/p>\n<p>\u00b7 University of Agriculture in Krakow, Faculty of Agriculture and Economics, Krakow, Poland;<\/p>\n<p>\u00b7 Poznan University of Life Sciences, Faculty of Economics and Social Sciences, Poznan, Poland;<\/p>\n<p>\u00b7 Warsaw University of Life Sciences, Faculty of Economic Sciences, Warsaw, Poland;<\/p>\n<p>\u00b7 University of Oradea, Faculty of Environmental Protection, Oradea, Romania;<\/p>\n<p>\u00b7 University of Novi Sad, Faculty of Technical Sciences, Novi Sad, Serbia;<\/p>\n<p>\u00b7 University of Ljubljana, Biotechnical Faculty, Ljubljana, Slovenia;<\/p>\n<p>\u00b7 University of Primorska, Faculty of Management, Koper, Slovenia;<\/p>\n<p><strong>2. <\/strong><strong>Managerial Processes and its Optimization and Valuation (CIII-CZ-0911-03-1718), with the following partner institutions:<\/strong><\/p>\n<p>\u00b7 BOKU &#8211; University of Natural Resources and Life Sciences, Vienna, Austira;<\/p>\n<p>\u00b7 University of Applied Sciences Burgenland, Eisenstadt, Austria;<\/p>\n<p>\u00b7 Dimitar A. Tsenov Academy of Economics, Svishtov, Bulgaria;<\/p>\n<p>\u00b7 University of Zagreb, Faculty of Agriculture, Zagreb, Croatia;<\/p>\n<p>\u00b7 Czech University of Life Sciences Prague, Faculty of Economics and Management, Praha,<br \/>Czech Republic;<\/p>\n<p>\u00b7 University of Montenegro, Faculty of Economic Sciences, Warsaw, Poland;<\/p>\n<p>\u00b7 University of Novi Sad, Faculty of Science, Novi Sad, Serbia;<\/p>\n<p>\u00b7 Slovak University of Agriculture in Nitra, Faculty of Economics and Management, Nitra, Slovakia;<\/p>\n<p>\u00b7 University of Ljubljana, Faculty of Social Sciences, Ljubljana, Slovenia;<\/p>\n<p><strong>Basic criteria for student mobility:<\/strong><\/p>\n<p>\u00b7 Citizen of a CEEPUS country;<\/p>\n<p>\u00b7 Full-time student status of a higher education institution in the home country;<\/p>\n<p>\u00b7 Age limit: 35 years;<\/p>\n<p>\u00b7 Selection performed by the parent institution;<\/p>\n<p><strong>List of subjects in English<\/strong><\/p>\n<p>\u00b7 (undergraduate studies)<\/p>\n<p><strong>Basic criteria for mobility of teaching staff<\/strong><\/p>\n<p>\u00b7 Citizen of a CEEPUS country;<\/p>\n<p>\u00b7 Established employment relationship in a higher education institution in a member country of the CEEPUS network;<\/p>\n<p>\u00b7 PhD;<\/p>\n<p>\u00b7 Teaching plan for a minimum of 6 hours (lecture or seminar) during 5 working days at the host institution;<\/p>\n<p><strong>Deadlines for <\/strong><strong>CEEPUS online<\/strong><strong>registration:<\/strong><\/p>\n<p>\u00b7 For first\/winter semester: June 15<\/p>\n<p>\u00b7 For the second\/summer semester: October 31<\/p>\n<p>\u00b7 For off-grid mobility (freemovers) for the first\/winter semester: continuously, starting July 1 as long as there are vacancies<\/p>\n<p>\u00b7 For mobility outside the network (freemovers) for the second\/summer semester: November 30<\/p>\n<p>*The deadlines are not on the same dates every year.<\/p>\n\t\t\t\t\t\t\t\t<\/div>\n\t\t\t\t<\/div>\n\t\t\t\t\t<\/div>\n\t\t<\/div>\n\t\t\t\t<div class=\"elementor-column elementor-col-50 elementor-top-column elementor-element elementor-element-c82882f\" data-id=\"c82882f\" data-element_type=\"column\">\n\t\t\t<div class=\"elementor-widget-wrap elementor-element-populated\">\n\t\t\t\t\t\t<div class=\"elementor-element elementor-element-5bf5245 elementor-widget elementor-widget-image\" data-id=\"5bf5245\" data-element_type=\"widget\" data-widget_type=\"image.default\">\n\t\t\t\t<div class=\"elementor-widget-container\">\n\t\t\t\t\t\t\t\t\t\t\t\t\t\t\t<img fetchpriority=\"high\" decoding=\"async\" width=\"501\" height=\"501\" src=\"https:\/\/fbe.edu.mk\/wp-content\/uploads\/2023\/06\/Aalcuma-YAzeyi-3.png\" class=\"attachment-large size-large wp-image-5504\" alt=\"\" srcset=\"https:\/\/fbe.edu.mk\/wp-content\/uploads\/2023\/06\/Aalcuma-YAzeyi-3.png 501w, https:\/\/fbe.edu.mk\/wp-content\/uploads\/2023\/06\/Aalcuma-YAzeyi-3-300x300.png 300w, https:\/\/fbe.edu.mk\/wp-content\/uploads\/2023\/06\/Aalcuma-YAzeyi-3-150x150.png 150w, https:\/\/fbe.edu.mk\/wp-content\/uploads\/2023\/06\/Aalcuma-YAzeyi-3-400x400.png 400w, https:\/\/fbe.edu.mk\/wp-content\/uploads\/2023\/06\/Aalcuma-YAzeyi-3-100x100.png 100w, https:\/\/fbe.edu.mk\/wp-content\/uploads\/2023\/06\/Aalcuma-YAzeyi-3-96x96.png 96w\" sizes=\"(max-width: 501px) 100vw, 501px\" \/>\t\t\t\t\t\t\t\t\t\t\t\t\t\t\t<\/div>\n\t\t\t\t<\/div>\n\t\t\t\t\t<\/div>\n\t\t<\/div>\n\t\t\t\t\t<\/div>\n\t\t<\/section>\n\t\t\t\t<\/div>\n\t\t","protected":false},"excerpt":{"rendered":"<p>The Faculty of Business Economics is a member of two CEEPUS Networks: 1.Applied Economics and Management (CIII-SK-0044-12-1718), with the following partner institutions:: \u00b7 Slovak University of Agriculture in Nitra, Faculty of Economics and Management, Nitra, Slovakia; \u00b7 Canadian Institute of Technology, Faculties of Economy and Engineering, Tirana, Albania; \u00b7 BOKU &#8211; University of Natural Resources and Applied Life Sciences, Institute of Marketing and Innovation, Vienna, Austria; \u00b7 FH Joanneum &#8211; University of Applied Sciences, Department of International Management, Graz, Austria; \u00b7 University of National and World Economy, Department of Natural Resources Economics, Sofia, Bulgaria; \u00b7 Mendel University in Brno, Faculty of Business Economics, Brno, Czech Republic; \u00b7 Czech University of Life Sciences Prague, Faculty of Economics and Management, Prague, Czech Republic; \u00b7 University of South Bohemia \u010cesk\u00e9 Bud\u011bjovice, Faculty of Economics, \u010cesk\u00e9 Bud\u011bjovice, Czech Republic; \u00b7 University of Zagreb, Faculty of Agriculture, Zagreb, Croatia; \u00b7 University of West Hungary \/ University of Sopron, Faculty of Economics, Sopron, Hungary; \u00b7 University of Szeged, Faculty of Engineering, Szeged, Hungary; \u00b7 Szent Istv\u00e1n University, Faculty of Economics and Social Sciences, G\u00f6d\u00f6ll\u0151, Hungary; \u00b7 Technical University of Moldova, Department of Engineering and Management in Production Systems, Chisinau, Republic of Moldova; \u00b7 University of Montenegro, Faculty of Economics, Podgorica, Montenegro; \u00b7 State University of Tetovo, Faculty of Economics, Tetovo, Republic of Macedonia; \u00b7 Cracow University of Economics, Krakow, Poland; \u00b7 Poznan University of Economics, Faculty of Management, Poznan, Poland; \u00b7 University of Agriculture in Krakow, Faculty of Agriculture and Economics, Krakow, Poland; \u00b7 Poznan University of Life Sciences, Faculty of Economics and Social Sciences, Poznan, Poland; \u00b7 Warsaw University of Life Sciences, Faculty of Economic Sciences, Warsaw, Poland; \u00b7 University of Oradea, Faculty of Environmental Protection, Oradea, Romania; \u00b7 University of Novi Sad, Faculty of Technical Sciences, Novi Sad, Serbia; \u00b7 University of Ljubljana, Biotechnical Faculty, Ljubljana, Slovenia; \u00b7 University of Primorska, Faculty of Management, Koper, Slovenia; 2. Managerial Processes and its Optimization and Valuation (CIII-CZ-0911-03-1718), with the following partner institutions: \u00b7 BOKU &#8211; University of Natural Resources and Life Sciences, Vienna, Austira; \u00b7 University of Applied Sciences Burgenland, Eisenstadt, Austria; \u00b7 Dimitar A. Tsenov Academy of Economics, Svishtov, Bulgaria; \u00b7 University of Zagreb, Faculty of Agriculture, Zagreb, Croatia; \u00b7 Czech University of Life Sciences Prague, Faculty of Economics and Management, Praha,Czech Republic; \u00b7 University of Montenegro, Faculty of Economic Sciences, Warsaw, Poland; \u00b7 University of Novi Sad, Faculty of Science, Novi Sad, Serbia; \u00b7 Slovak University of Agriculture in Nitra, Faculty of Economics and Management, Nitra, Slovakia; \u00b7 University of Ljubljana, Faculty of Social Sciences, Ljubljana, Slovenia; Basic criteria for student mobility: \u00b7 Citizen of a CEEPUS country; \u00b7 Full-time student status of a higher education institution in the home country; \u00b7 Age limit: 35 years; \u00b7 Selection performed by the parent institution; List of subjects in English \u00b7 (undergraduate studies) Basic criteria for mobility of teaching staff \u00b7 Citizen of a CEEPUS country; \u00b7 Established employment relationship in a higher education institution in a member country of the CEEPUS network; \u00b7 PhD; \u00b7 Teaching plan for a minimum of 6 hours (lecture or seminar) during 5 working days at the host institution; Deadlines for CEEPUS onlineregistration: \u00b7 For first\/winter semester: June 15 \u00b7 For the second\/summer semester: October 31 \u00b7 For off-grid mobility (freemovers) for the first\/winter semester: continuously, starting July 1 as long as there are vacancies \u00b7 For mobility outside the network (freemovers) for the second\/summer semester: November 30 *The deadlines are not on the same dates every year.<\/p>\n","protected":false},"author":1,"featured_media":0,"parent":0,"menu_order":0,"comment_status":"closed","ping_status":"closed","template":"","meta":{"om_disable_all_campaigns":false,"footnotes":""},"class_list":["post-6260","page","type-page","status-publish","hentry","post-no-thumbnail"],"_links":{"self":[{"href":"https:\/\/fbe.edu.mk\/en\/wp-json\/wp\/v2\/pages\/6260","targetHints":{"allow":["GET"]}}],"collection":[{"href":"https:\/\/fbe.edu.mk\/en\/wp-json\/wp\/v2\/pages"}],"about":[{"href":"https:\/\/fbe.edu.mk\/en\/wp-json\/wp\/v2\/types\/page"}],"author":[{"embeddable":true,"href":"https:\/\/fbe.edu.mk\/en\/wp-json\/wp\/v2\/users\/1"}],"replies":[{"embeddable":true,"href":"https:\/\/fbe.edu.mk\/en\/wp-json\/wp\/v2\/comments?post=6260"}],"version-history":[{"count":1,"href":"https:\/\/fbe.edu.mk\/en\/wp-json\/wp\/v2\/pages\/6260\/revisions"}],"predecessor-version":[{"id":6261,"href":"https:\/\/fbe.edu.mk\/en\/wp-json\/wp\/v2\/pages\/6260\/revisions\/6261"}],"wp:attachment":[{"href":"https:\/\/fbe.edu.mk\/en\/wp-json\/wp\/v2\/media?parent=6260"}],"curies":[{"name":"wp","href":"https:\/\/api.w.org\/{rel}","templated":true}]}}